{"id":20045,"date":"2014-09-12T12:49:34","date_gmt":"2014-09-12T12:49:34","guid":{"rendered":"https:\/\/gemaruperez.com\/statement\/"},"modified":"2024-12-19T09:28:33","modified_gmt":"2024-12-19T09:28:33","slug":"statement","status":"publish","type":"page","link":"https:\/\/gemaruperez.com\/en\/statement\/","title":{"rendered":"Statement"},"content":{"rendered":"<p>[vc_row css_animation=&#8221;&#8221; row_type=&#8221;row&#8221; use_row_as_full_screen_section=&#8221;no&#8221; type=&#8221;full_width&#8221; angled_section=&#8221;no&#8221; text_align=&#8221;left&#8221; background_image_as_pattern=&#8221;without_pattern&#8221; css=&#8221;.vc_custom_1691050029205{margin-top: 60px !important;margin-right: 2% !important;margin-bottom: 100px !important;margin-left: 2% !important;}&#8221; z_index=&#8221;&#8221;][vc_column width=&#8221;1\/5&#8243;][vc_separator type=&#8221;transparent&#8221; up=&#8221;120&#8243; down=&#8221;0&#8243;][vc_column_text]<\/p>\n<h2><b>Gema Rup\u00e9rez<\/b><\/h2>\n<p class=\"p1\"><span style=\"color: #000000;\"><b>Zaragoza, 1982<\/b><\/span><\/p>\n<p>[\/vc_column_text][\/vc_column][vc_column width=&#8221;1\/5&#8243;][vc_empty_space height=&#8221;80px&#8221;][\/vc_column][vc_column width=&#8221;1\/5&#8243;][vc_separator type=&#8221;transparent&#8221; up=&#8221;120&#8243; down=&#8221;0&#8243;][vc_column_text]<\/p>\n<p class=\"p1\"><b>Gema Rup\u00e9rez es una artista espa\u00f1ola que trabaja de manera multidisciplinar. A trav\u00e9s de diferentes medios como la instalaci\u00f3n, la fotograf\u00eda, el v\u00eddeo o el dibujo, Rup\u00e9rez interpela al espectador sobre las distintas realidades que tensionan a nuestra sociedad contempor\u00e1nea y aborda un contexto global de m\u00faltiples mutaciones donde la tecnolog\u00eda hace acto de presencia, con sus ritmos, tiempos y hegemon\u00edas. Incide en las estructuras de dominaci\u00f3n y en su oposici\u00f3n a base de resistencias, evidenciando las frustraciones, miedos y fragilidades del ser humano. El comisario de arte Adonay Berm\u00fadez describe su trabajo de la siguiente manera: Rup\u00e9rez propone expresiones cr\u00edticas y combina acciones nacidas en la desobediencia con el objetivo de contener los horizontes de opresi\u00f3n que empa\u00f1an nuestro futuro.<\/b><\/p>\n<p>[\/vc_column_text][\/vc_column][vc_column width=&#8221;1\/5&#8243;][vc_separator type=&#8221;transparent&#8221; up=&#8221;120&#8243; down=&#8221;0&#8243;][vc_column_text]Su compromiso a la hora de informar y, posteriormente, proponer una transformaci\u00f3n de la realidad permite que nos encontremos ante una artista que entiende que en la colectividad est\u00e1 la verdadera esperanza. La inestabilidad, la vulnerabilidad y la frustraci\u00f3n forman parte del contenido emocional de mis obras, que articulo con un lenguaje universal y directo. Con la intenci\u00f3n de interpelar al espectador, trabajo en el espacio de confluencia que generan los discursos antag\u00f3nicos: entre lo \u00edntimo y lo social, entre lo individual y lo global, y entre lo reproductivo y lo productivo. Para generar un discurso aut\u00e9ntico y real, colaboro con diferentes actores sociales, que ayudan a poner en contexto lo que quiero se\u00f1alar en cada obra. Me interesa trabajar entre lo escenogr\u00e1fico y lo perform\u00e1tico, entendiendo que las piezas que realizo se activan con quien las habita, al mismo tiempo que reflexionan sobre la confrontaci\u00f3n, la lucha por el poder hegem\u00f3nico o la incapacidad de comunicarnos. En definitiva, todo el trabajo de Rup\u00e9rez es una aproximaci\u00f3n desde las artes pl\u00e1sticas a los dilemas de la sociedad contempor\u00e1nea.[\/vc_column_text][\/vc_column][vc_column width=&#8221;1\/5&#8243;][vc_separator type=&#8221;transparent&#8221; up=&#8221;120&#8243; down=&#8221;0&#8243;][vc_column_text]<\/p>\n<p class=\"p1\">El trabajo de Gema Rup\u00e9rez se ha expuesto de forma individual o colectiva en museos, galer\u00edas o espacios p\u00fablicos de Francia, Canad\u00e1, Estados Unidos, Jap\u00f3n, Bolivia, Emiratos \u00c1rabes, Italia y Espa\u00f1a.<\/p>\n<p>&nbsp;<\/p>\n<p class=\"p1\">Sus obras se incluyen en colecciones p\u00fablicas y privadas como:<\/p>\n<p class=\"p1\">Fundaci\u00f3n Pilar Citoler, Gobierno de Arag\u00f3n, Diputaci\u00f3n Provincial de Huesca, Fundaci\u00f3n Ram\u00f3n J. Sender, Casa Vel\u00e1zquez, Nagasaki Prefectural Art Museum, Fundaci\u00f3n Jos\u00e9 Garc\u00eda Jim\u00e9nez, Ayuntamiento de Zaragoza, Ibercaja, Fundaci\u00f3n Antonio Gala, Centro 14, Museo de Genalguacil, Universidad de Zaragoza, Universidad Polit\u00e9cnica de Valencia, Diputaci\u00f3n Provincial de Zaragoza, colecci\u00f3n Enate y otras colecciones privadas.<\/p>\n<p>[\/vc_column_text][\/vc_column][\/vc_row]<\/p>\n","protected":false},"excerpt":{"rendered":"<p>[vc_row css_animation=&#8221;&#8221; row_type=&#8221;row&#8221; use_row_as_full_screen_section=&#8221;no&#8221; type=&#8221;full_width&#8221; angled_section=&#8221;no&#8221; text_align=&#8221;left&#8221; background_image_as_pattern=&#8221;without_pattern&#8221; css=&#8221;.vc_custom_1691050029205{margin-top: 60px&#8230;<\/p>\n","protected":false},"author":1,"featured_media":0,"parent":0,"menu_order":0,"comment_status":"closed","ping_status":"closed","template":"full_width.php","meta":{"footnotes":""},"yoast_head":"<!-- This site is optimized with the Yoast SEO plugin v24.1 - https:\/\/yoast.com\/wordpress\/plugins\/seo\/ -->\n<title>Statement - Gema Rup\u00e9rez<\/title>\n<meta name=\"robots\" content=\"index, follow, max-snippet:-1, max-image-preview:large, max-video-preview:-1\" \/>\n<link rel=\"canonical\" href=\"https:\/\/gemaruperez.com\/en\/statement\/\" \/>\n<meta property=\"og:locale\" content=\"en_US\" \/>\n<meta property=\"og:type\" content=\"article\" \/>\n<meta property=\"og:title\" content=\"Statement - Gema Rup\u00e9rez\" \/>\n<meta property=\"og:description\" content=\"[vc_row css_animation=&#8221;&#8221; row_type=&#8221;row&#8221; use_row_as_full_screen_section=&#8221;no&#8221; type=&#8221;full_width&#8221; angled_section=&#8221;no&#8221; text_align=&#8221;left&#8221; background_image_as_pattern=&#8221;without_pattern&#8221; css=&#8221;.vc_custom_1691050029205{margin-top: 60px...\" \/>\n<meta property=\"og:url\" content=\"https:\/\/gemaruperez.com\/en\/statement\/\" \/>\n<meta property=\"og:site_name\" content=\"Gema Rup\u00e9rez\" \/>\n<meta property=\"article:modified_time\" content=\"2024-12-19T09:28:33+00:00\" \/>\n<meta name=\"twitter:card\" content=\"summary_large_image\" \/>\n<meta name=\"twitter:label1\" content=\"Est. reading time\" \/>\n\t<meta name=\"twitter:data1\" content=\"2 minutes\" \/>\n<script type=\"application\/ld+json\" class=\"yoast-schema-graph\">{\"@context\":\"https:\/\/schema.org\",\"@graph\":[{\"@type\":\"WebPage\",\"@id\":\"https:\/\/gemaruperez.com\/en\/statement\/\",\"url\":\"https:\/\/gemaruperez.com\/en\/statement\/\",\"name\":\"Statement - Gema Rup\u00e9rez\",\"isPartOf\":{\"@id\":\"https:\/\/gemaruperez.com\/#website\"},\"datePublished\":\"2014-09-12T12:49:34+00:00\",\"dateModified\":\"2024-12-19T09:28:33+00:00\",\"breadcrumb\":{\"@id\":\"https:\/\/gemaruperez.com\/en\/statement\/#breadcrumb\"},\"inLanguage\":\"en-US\",\"potentialAction\":[{\"@type\":\"ReadAction\",\"target\":[\"https:\/\/gemaruperez.com\/en\/statement\/\"]}]},{\"@type\":\"BreadcrumbList\",\"@id\":\"https:\/\/gemaruperez.com\/en\/statement\/#breadcrumb\",\"itemListElement\":[{\"@type\":\"ListItem\",\"position\":1,\"name\":\"Portada\",\"item\":\"https:\/\/gemaruperez.com\/en\/\"},{\"@type\":\"ListItem\",\"position\":2,\"name\":\"Statement\"}]},{\"@type\":\"WebSite\",\"@id\":\"https:\/\/gemaruperez.com\/#website\",\"url\":\"https:\/\/gemaruperez.com\/\",\"name\":\"Gema Rup\u00e9rez\",\"description\":\"Visual &amp; plastic artist\",\"potentialAction\":[{\"@type\":\"SearchAction\",\"target\":{\"@type\":\"EntryPoint\",\"urlTemplate\":\"https:\/\/gemaruperez.com\/?s={search_term_string}\"},\"query-input\":{\"@type\":\"PropertyValueSpecification\",\"valueRequired\":true,\"valueName\":\"search_term_string\"}}],\"inLanguage\":\"en-US\"}]}<\/script>\n<!-- \/ Yoast SEO plugin. -->","yoast_head_json":{"title":"Statement - Gema Rup\u00e9rez","robots":{"index":"index","follow":"follow","max-snippet":"max-snippet:-1","max-image-preview":"max-image-preview:large","max-video-preview":"max-video-preview:-1"},"canonical":"https:\/\/gemaruperez.com\/en\/statement\/","og_locale":"en_US","og_type":"article","og_title":"Statement - Gema Rup\u00e9rez","og_description":"[vc_row css_animation=&#8221;&#8221; row_type=&#8221;row&#8221; use_row_as_full_screen_section=&#8221;no&#8221; type=&#8221;full_width&#8221; angled_section=&#8221;no&#8221; text_align=&#8221;left&#8221; background_image_as_pattern=&#8221;without_pattern&#8221; css=&#8221;.vc_custom_1691050029205{margin-top: 60px...","og_url":"https:\/\/gemaruperez.com\/en\/statement\/","og_site_name":"Gema Rup\u00e9rez","article_modified_time":"2024-12-19T09:28:33+00:00","twitter_card":"summary_large_image","twitter_misc":{"Est. reading time":"2 minutes"},"schema":{"@context":"https:\/\/schema.org","@graph":[{"@type":"WebPage","@id":"https:\/\/gemaruperez.com\/en\/statement\/","url":"https:\/\/gemaruperez.com\/en\/statement\/","name":"Statement - Gema Rup\u00e9rez","isPartOf":{"@id":"https:\/\/gemaruperez.com\/#website"},"datePublished":"2014-09-12T12:49:34+00:00","dateModified":"2024-12-19T09:28:33+00:00","breadcrumb":{"@id":"https:\/\/gemaruperez.com\/en\/statement\/#breadcrumb"},"inLanguage":"en-US","potentialAction":[{"@type":"ReadAction","target":["https:\/\/gemaruperez.com\/en\/statement\/"]}]},{"@type":"BreadcrumbList","@id":"https:\/\/gemaruperez.com\/en\/statement\/#breadcrumb","itemListElement":[{"@type":"ListItem","position":1,"name":"Portada","item":"https:\/\/gemaruperez.com\/en\/"},{"@type":"ListItem","position":2,"name":"Statement"}]},{"@type":"WebSite","@id":"https:\/\/gemaruperez.com\/#website","url":"https:\/\/gemaruperez.com\/","name":"Gema Rup\u00e9rez","description":"Visual &amp; plastic artist","potentialAction":[{"@type":"SearchAction","target":{"@type":"EntryPoint","urlTemplate":"https:\/\/gemaruperez.com\/?s={search_term_string}"},"query-input":{"@type":"PropertyValueSpecification","valueRequired":true,"valueName":"search_term_string"}}],"inLanguage":"en-US"}]}},"_links":{"self":[{"href":"https:\/\/gemaruperez.com\/en\/wp-json\/wp\/v2\/pages\/20045"}],"collection":[{"href":"https:\/\/gemaruperez.com\/en\/wp-json\/wp\/v2\/pages"}],"about":[{"href":"https:\/\/gemaruperez.com\/en\/wp-json\/wp\/v2\/types\/page"}],"author":[{"embeddable":true,"href":"https:\/\/gemaruperez.com\/en\/wp-json\/wp\/v2\/users\/1"}],"replies":[{"embeddable":true,"href":"https:\/\/gemaruperez.com\/en\/wp-json\/wp\/v2\/comments?post=20045"}],"version-history":[{"count":3,"href":"https:\/\/gemaruperez.com\/en\/wp-json\/wp\/v2\/pages\/20045\/revisions"}],"predecessor-version":[{"id":20066,"href":"https:\/\/gemaruperez.com\/en\/wp-json\/wp\/v2\/pages\/20045\/revisions\/20066"}],"wp:attachment":[{"href":"https:\/\/gemaruperez.com\/en\/wp-json\/wp\/v2\/media?parent=20045"}],"curies":[{"name":"wp","href":"https:\/\/api.w.org\/{rel}","templated":true}]}}